{"id":266,"date":"2017-11-23T14:48:58","date_gmt":"2017-11-23T14:48:58","guid":{"rendered":"http:\/\/www.figueiredomotorsport.com\/?page_id=266"},"modified":"2017-12-15T23:21:01","modified_gmt":"2017-12-15T23:21:01","slug":"jose-goncalves","status":"publish","type":"page","link":"https:\/\/www.figueiredomotorsport.com\/en\/jose-goncalves\/","title":{"rendered":"Jos\u00e9 Gon\u00e7alves"},"content":{"rendered":"<p><span id=\"result_box\" class=\"\" lang=\"en\" tabindex=\"-1\"><span>At <em><strong>Figueiredo Motorsport<\/strong><\/em> everything is thought out and planned in detail, ensuring your satisfaction for the service provided.<\/span><\/span><\/p>\n<p><span class=\"\">An example of this is the case of our pilot Jos\u00e9 Gon\u00e7alves who had her first experience in 2013 using our services.<\/span><\/p>\n<p><span id=\"result_box\" class=\"\" lang=\"en\"><span class=\"\"><strong>Jos\u00e9 Gon\u00e7alves<\/strong> says that &#8220;<em>It was an experience for life! Highly recommend to all rally lovers!<br \/>\nFrom this team I highlight all the professionalism, friendliness and team spirit!<br \/>\nSensations to be repeated whenever possible<\/em><\/span><span><em>company<\/em>&#8220;.<\/span><\/span><\/p>\n<p><span class=\"\">At <strong>Figueiredo Motorsport<\/strong> everything is at our charge, you just need to compete and enjoy every moment.<\/span><\/p>\n<p><span class=\"\">Get in touch with us and be a winner.<\/span><\/p>\n","protected":false},"excerpt":{"rendered":"<p>At Figueiredo Motorsport everything is thought out and planned in detail, ensuring your satisfaction for the service provided. An example of this is the case of our pilot Jos\u00e9 Gon\u00e7alves who had her first experience in 2013 using our services. Jos\u00e9 Gon\u00e7alves says that &#8220;It was an experience for life! [&hellip;]<\/p>\n","protected":false},"author":1,"featured_media":267,"parent":0,"menu_order":0,"comment_status":"closed","ping_status":"closed","template":"","meta":{"footnotes":""},"class_list":["post-266","page","type-page","status-publish","has-post-thumbnail","hentry"],"jetpack_sharing_enabled":true,"_links":{"self":[{"href":"https:\/\/www.figueiredomotorsport.com\/en\/wp-json\/wp\/v2\/pages\/266","targetHints":{"allow":["GET"]}}],"collection":[{"href":"https:\/\/www.figueiredomotorsport.com\/en\/wp-json\/wp\/v2\/pages"}],"about":[{"href":"https:\/\/www.figueiredomotorsport.com\/en\/wp-json\/wp\/v2\/types\/page"}],"author":[{"embeddable":true,"href":"https:\/\/www.figueiredomotorsport.com\/en\/wp-json\/wp\/v2\/users\/1"}],"replies":[{"embeddable":true,"href":"https:\/\/www.figueiredomotorsport.com\/en\/wp-json\/wp\/v2\/comments?post=266"}],"version-history":[{"count":3,"href":"https:\/\/www.figueiredomotorsport.com\/en\/wp-json\/wp\/v2\/pages\/266\/revisions"}],"predecessor-version":[{"id":548,"href":"https:\/\/www.figueiredomotorsport.com\/en\/wp-json\/wp\/v2\/pages\/266\/revisions\/548"}],"wp:featuredmedia":[{"embeddable":true,"href":"https:\/\/www.figueiredomotorsport.com\/en\/wp-json\/wp\/v2\/media\/267"}],"wp:attachment":[{"href":"https:\/\/www.figueiredomotorsport.com\/en\/wp-json\/wp\/v2\/media?parent=266"}],"curies":[{"name":"wp","href":"https:\/\/api.w.org\/{rel}","templated":true}]}}